{"id":581,"date":"2020-01-28T08:59:56","date_gmt":"2020-01-28T07:59:56","guid":{"rendered":"https:\/\/www.mtp-pirna.de\/?page_id=581"},"modified":"2020-01-28T09:00:32","modified_gmt":"2020-01-28T08:00:32","slug":"terms-of-use","status":"publish","type":"page","link":"https:\/\/www.mtp-pirna.de\/en\/terms-of-use\/","title":{"rendered":"Terms of use"},"content":{"rendered":"<p>[et_pb_section fb_built=&#8221;1&#8243; _builder_version=&#8221;4.0.7&#8243; background_color=&#8221;#0055aa&#8221;][et_pb_row _builder_version=&#8221;4.0.7&#8243;][et_pb_column type=&#8221;4_4&#8243; _builder_version=&#8221;4.0.7&#8243;][et_pb_text _builder_version=&#8221;4.2&#8243; header_text_align=&#8221;center&#8221; header_text_color=&#8221;#ffffff&#8221;]<\/p>\n<h1>Terms of use<\/h1>\n<p>[\/et_pb_text][\/et_pb_column][\/et_pb_row][\/et_pb_section][et_pb_section fb_built=&#8221;1&#8243; _builder_version=&#8221;4.0.7&#8243; custom_padding=&#8221;4px|||||&#8221;][et_pb_row _builder_version=&#8221;4.0.7&#8243; custom_padding=&#8221;15px||0px||false|false&#8221;][et_pb_column type=&#8221;4_4&#8243; _builder_version=&#8221;4.0.7&#8243;][et_pb_dmb_breadcrumbs use_home_icon=&#8221;off&#8221; use_home_text=&#8221;on&#8221; home_text=&#8221;MTP Pirna&#8221; _builder_version=&#8221;4.0.7&#8243; link_font=&#8221;||||on||||&#8221; link_text_color=&#8221;#0055aa&#8221;][\/et_pb_dmb_breadcrumbs][et_pb_text _builder_version=&#8221;4.2&#8243; header_2_text_align=&#8221;center&#8221;]<\/p>\n<h2>Terms of use<\/h2>\n<p>[\/et_pb_text][et_pb_divider divider_weight=&#8221;3px&#8221; _builder_version=&#8221;4.0.7&#8243; width=&#8221;6%&#8221; module_alignment=&#8221;center&#8221;][\/et_pb_divider][\/et_pb_column][\/et_pb_row][et_pb_row _builder_version=&#8221;4.0.7&#8243; custom_margin=&#8221;0px|auto||auto||&#8221; custom_padding=&#8221;0px|||||&#8221;][et_pb_column type=&#8221;4_4&#8243; _builder_version=&#8221;4.0.7&#8243;][et_pb_text _builder_version=&#8221;4.2&#8243; text_font=&#8221;Source Sans Pro|300|||||||&#8221; text_font_size=&#8221;18px&#8221; link_font=&#8221;||||on||||&#8221; link_text_color=&#8221;#0055aa&#8221; header_3_font=&#8221;Source Sans Pro||||||||&#8221; header_3_text_color=&#8221;#4b5a62&#8243; header_3_font_size=&#8221;18px&#8221; header_3_line_height=&#8221;30px&#8221;]<\/p>\n<h3>Liability for content<\/h3>\n<p>As a service provider we are responsible according \u00a7 7 (1) TMG for our own contents on these pages under general law. According to \u00a7\u00a7 8 to 10 TMG we are not obligated as a service provider to monitor third-party transmitted or stored information, or to investigate circumstances that indicate illegal activity. Obligations to remove or block the use of information under general law remain unaffected. However, a relevant liability is only possible from the date of knowledge of a specific infringement. Upon notification of such violations, we will remove the content immediately.<\/p>\n<h3>Liability for links<\/h3>\n<p>Our site contains links to external third-party websites, over whose content we have no control. Therefore we cannot accept any responsibility for their third-party content. The provider or operator is always responsible for the content of linked pages. The linked sites were checked at the time of linking for possible legal violations. Illegal contents were not apparent at the time of linking. Permanent control of the content of linked pages is unreasonable without concrete evidence of a violation. Upon notification of violations, we will immediately remove such links.<\/p>\n<h3>Copyright<\/h3>\n<p>The content and works on these pages created by the site operators are subject to German copyright law. Copying, editing, distribution and any kind of exploitation outside the limits of copyright require the written consent of the author or creator. Downloads and copies of this site are permitted only for private, non-commercial use. Insofar as the content is not created by the operator, the copyright of third parties will be respected. In particular contents of third parties are marked as such. Should you still be aware of copyright infringement, we ask for notification thereof. Upon notification of violations, we will remove the content immediately.[\/et_pb_text][\/et_pb_column][\/et_pb_row][\/et_pb_section][et_pb_section fb_built=&#8221;1&#8243; _builder_version=&#8221;4.0.7&#8243; background_color=&#8221;#e0e0e0&#8243; custom_padding=&#8221;||14px|||&#8221; saved_tabs=&#8221;all&#8221;][et_pb_row column_structure=&#8221;3_5,2_5&#8243; use_custom_gutter=&#8221;on&#8221; _builder_version=&#8221;4.0.7&#8243; max_width=&#8221;1200px&#8221;][et_pb_column type=&#8221;3_5&#8243; _builder_version=&#8221;4.0.7&#8243;][et_pb_text _builder_version=&#8221;4.0.7&#8243; text_font=&#8221;Source Sans Pro|300|||||||&#8221; text_text_color=&#8221;#ffffff&#8221; header_3_text_color=&#8221;#0055aa&#8221; custom_margin=&#8221;||0px|||&#8221;]<\/p>\n<h3>MTP Medical Technologies GmbH<\/h3>\n<p>[\/et_pb_text][et_pb_image src=&#8221;https:\/\/www.mtp-pirna.de\/wp-content\/uploads\/2020\/01\/MTPHeaderUnternehmen.png&#8221; disabled_on=&#8221;on|on|on&#8221; _builder_version=&#8221;4.0.7&#8243; width=&#8221;80%&#8221; custom_margin=&#8221;20px||||false|false&#8221; border_radii=&#8221;on|5px|5px|5px|5px&#8221; box_shadow_style=&#8221;preset2&#8243; disabled=&#8221;on&#8221;][\/et_pb_image][\/et_pb_column][et_pb_column type=&#8221;2_5&#8243; _builder_version=&#8221;4.0.7&#8243;][et_pb_text _builder_version=&#8221;4.2&#8243; text_font=&#8221;Source Sans Pro|300|||||||&#8221; text_text_color=&#8221;#ffffff&#8221; header_3_text_color=&#8221;#0055aa&#8221; custom_margin=&#8221;||0px|||&#8221; hover_enabled=&#8221;0&#8243;]<\/p>\n<h3>Contact<\/h3>\n<p>&nbsp;[\/et_pb_text][et_pb_blurb title=&#8221;Kunstseidenstr. 4, 01796 Pirna, Germany&#8221; use_icon=&#8221;on&#8221; font_icon=&#8221;%%249%%&#8221; icon_placement=&#8221;left&#8221; use_icon_font_size=&#8221;on&#8221; icon_font_size=&#8221;23px&#8221; _builder_version=&#8221;4.2&#8243; header_font=&#8221;Source Sans Pro||||||||&#8221; header_text_color=&#8221;#000000&#8243; custom_margin=&#8221;||11px|||&#8221; animation=&#8221;off&#8221; hover_enabled=&#8221;0&#8243; title__hover_enabled=&#8221;on|hover&#8221; title__hover=&#8221;Kunstseidenstr. 4, 01796 Pirna&#8221;][\/et_pb_blurb][et_pb_blurb title=&#8221;Telefon: +49 3501-46590&#8243; use_icon=&#8221;on&#8221; font_icon=&#8221;%%264%%&#8221; icon_placement=&#8221;left&#8221; use_icon_font_size=&#8221;on&#8221; icon_font_size=&#8221;23px&#8221; _builder_version=&#8221;4.0.7&#8243; header_font=&#8221;Source Sans Pro||||||||&#8221; header_text_color=&#8221;#000000&#8243; custom_margin=&#8221;||14px|||&#8221; animation=&#8221;off&#8221; title__hover_enabled=&#8221;on|hover&#8221; title__hover=&#8221;Telefon: +49 3501-46590&#8243;][\/et_pb_blurb][et_pb_blurb title=&#8221;Telefax: +49 3501-520066&#8243; use_icon=&#8221;on&#8221; font_icon=&#8221;%%65%%&#8221; icon_placement=&#8221;left&#8221; use_icon_font_size=&#8221;on&#8221; icon_font_size=&#8221;23px&#8221; _builder_version=&#8221;4.0.7&#8243; header_font=&#8221;Source Sans Pro||||||||&#8221; header_text_color=&#8221;#000000&#8243; custom_margin=&#8221;||14px|||&#8221; animation=&#8221;off&#8221; title__hover_enabled=&#8221;on|hover&#8221; title__hover=&#8221;Telefax: +49 3501-520066&#8243;][\/et_pb_blurb][et_pb_blurb use_icon=&#8221;on&#8221; font_icon=&#8221;%%238%%&#8221; icon_placement=&#8221;left&#8221; use_icon_font_size=&#8221;on&#8221; icon_font_size=&#8221;23px&#8221; _builder_version=&#8221;4.0.7&#8243; header_font=&#8221;Source Sans Pro|300|||||||&#8221; header_text_color=&#8221;#ffffff&#8221; body_font=&#8221;Source Sans Pro||||||||&#8221; body_text_color=&#8221;#000000&#8243; body_font_size=&#8221;18px&#8221; body_link_font=&#8221;Source Sans Pro||||||||&#8221; body_link_text_color=&#8221;#000000&#8243; body_link_font_size=&#8221;18px&#8221; animation=&#8221;off&#8221; title__hover_enabled=&#8221;on|hover&#8221; title__hover=&#8221;&#8221;]Email: <a href=\"Mailto:info@mtp-pirna.de\">info@mtp-pirna.de<\/a>[\/et_pb_blurb][\/et_pb_column][\/et_pb_row][\/et_pb_section]<\/p>\n","protected":false},"excerpt":{"rendered":"<p>Terms of useTerms of useLiability for content As a service provider we are responsible according \u00a7 7 (1) TMG for our own contents on these pages under general law. According to \u00a7\u00a7 8 to 10 TMG we are not obligated as a service provider to monitor third-party transmitted or stored information, or to investigate circumstances [&hellip;]<\/p>\n","protected":false},"author":1,"featured_media":0,"parent":0,"menu_order":0,"comment_status":"closed","ping_status":"closed","template":"","meta":{"_et_pb_use_builder":"on","_et_pb_old_content":"[et_pb_section fb_built=\"1\" _builder_version=\"4.0.7\" background_color=\"#0055aa\"][et_pb_row _builder_version=\"4.0.7\"][et_pb_column type=\"4_4\" _builder_version=\"4.0.7\"][et_pb_text _builder_version=\"4.0.7\" header_text_align=\"center\" header_text_color=\"#ffffff\"]<h1>Nutzungsbedingungen<\/h1>[\/et_pb_text][\/et_pb_column][\/et_pb_row][\/et_pb_section][et_pb_section fb_built=\"1\" _builder_version=\"4.0.7\" custom_padding=\"4px|||||\"][et_pb_row _builder_version=\"4.0.7\" custom_padding=\"15px||0px||false|false\"][et_pb_column type=\"4_4\" _builder_version=\"4.0.7\"][et_pb_dmb_breadcrumbs use_home_icon=\"off\" use_home_text=\"on\" home_text=\"MTP Pirna\" _builder_version=\"4.0.7\" link_font=\"||||on||||\" link_text_color=\"#0055aa\" _i=\"0\" _address=\"1.0.0.0\" \/][et_pb_text _builder_version=\"4.0.7\" header_2_text_align=\"center\"]<h2>Nutzungsbedingungen<\/h2>[\/et_pb_text][et_pb_divider divider_weight=\"3px\" _builder_version=\"4.0.7\" width=\"6%\" module_alignment=\"center\"][\/et_pb_divider][\/et_pb_column][\/et_pb_row][et_pb_row _builder_version=\"4.0.7\" custom_margin=\"0px|auto||auto||\" custom_padding=\"0px|||||\"][et_pb_column type=\"4_4\" _builder_version=\"4.0.7\"][et_pb_text _builder_version=\"4.0.7\" text_font=\"Source Sans Pro|300|||||||\" text_font_size=\"18px\" link_font=\"||||on||||\" link_text_color=\"#0055aa\" header_3_font=\"Source Sans Pro||||||||\" header_3_text_color=\"#4b5a62\" header_3_font_size=\"18px\" header_3_line_height=\"30px\"]<h3>Haftungshinweis<\/h3>\r\n\r\nTrotz sorgf\u00e4ltiger inhaltlicher Kontrolle \u00fcbernehmen wir keine Haftung f\u00fcr die Inhalte externer Links. F\u00fcr den Inhalt der verlinkten Seiten sind ausschlie\u00dflich deren Betreiber verantwortlich.\r\n\r\n \r\n\r\n<h3>Copyright<\/h3>\r\n\r\nDie Inhalte dieser Homepage sind urheberrechtlich gesch\u00fctzt. Alle Rechte, insbesondere die der Vervielf\u00e4ltigung, der \u00dcbersetzung, der Verwendung in elektronischen bzw. mechanischen Systemen und der Wiedergabe der Homepage in jeder Form beh\u00e4lt sich der Urheber vor.\r\n\r\n Dazu geh\u00f6ren auch jede sonstige systematische Auswertung und Verbreitung der Inhalte dieser Homepage. Eine Nutzung der Texte, Programme und Abbildungen, auch auszugsweise, bedarf der vorherigen schriftlichen Zustimmung der MTP Medical Technologies Pirna GmbH.\r\n\r\n In den vorliegenden Inhalten werden eingetragene, registrierte Marken, Handelsnamen und Gebrauchsnamen verwendet. Auch wenn diese nicht als solche gekennzeichnet sind, haben die entsprechenden Schutzbestimmungen volle Geltung.\r\nAlle Inhalte dieser Seiten sind Eigentum ihrer Urheber.\r\n\r\n \r\n\r\n<h3>Haftungsausschluss<\/h3>\r\n\r\nDie Inhalte dieser Homepage werden laufend \u00fcberpr\u00fcft und erforderlichenfalls aktualisiert. F\u00fcr Sch\u00e4den, die im unmittelbaren oder mittelbaren Zusammenhang mit den Informationen auf der Homepage entstehen, kann keine Haftung \u00fcbernommen werden.\r\n\r\n Jegliche Nutzung dieser Internet-Seiten oder aller anderen mit diesen verbundenen Link-Seiten, sowie deren Inhalt, geschieht auf eigene Gefahr des Nutzers.\r\n\r\nDiese Internet-Seiten enthalten auch Informationen von Dritten und weisen auf andere Internet-Seiten hin. Wo immer m\u00f6glich, ist dies entsprechend markiert. F\u00fcr die Informationen von Dritten wird keine Haftung \u00fcbernommen.[\/et_pb_text][\/et_pb_column][\/et_pb_row][\/et_pb_section][et_pb_section fb_built=\"1\" _builder_version=\"4.0.7\" background_color=\"#e0e0e0\" custom_padding=\"||14px|||\" saved_tabs=\"all\"][et_pb_row column_structure=\"3_5,2_5\" use_custom_gutter=\"on\" _builder_version=\"4.0.7\" max_width=\"1200px\"][et_pb_column type=\"3_5\" _builder_version=\"4.0.7\"][et_pb_text _builder_version=\"4.0.7\" text_font=\"Source Sans Pro|300|||||||\" text_text_color=\"#ffffff\" header_3_text_color=\"#0055aa\" custom_margin=\"||0px|||\"]<h3>MTP Medical Technologies GmbH<\/h3>[\/et_pb_text][et_pb_image src=\"https:\/\/www.mtp-pirna.de\/wp-content\/uploads\/2020\/01\/MTPHeaderUnternehmen.png\" disabled_on=\"on|on|on\" _builder_version=\"4.0.7\" width=\"80%\" custom_margin=\"20px||||false|false\" border_radii=\"on|5px|5px|5px|5px\" box_shadow_style=\"preset2\" disabled=\"on\"][\/et_pb_image][\/et_pb_column][et_pb_column type=\"2_5\" _builder_version=\"4.0.7\"][et_pb_text _builder_version=\"4.0.7\" text_font=\"Source Sans Pro|300|||||||\" text_text_color=\"#ffffff\" header_3_text_color=\"#0055aa\" custom_margin=\"||0px|||\"]<h3>Kontakt<\/h3>\r\n<p>\u00a0[\/et_pb_text][et_pb_blurb title=\"Kunstseidenstr. 4, 01796 Pirna\" use_icon=\"on\" font_icon=\"%%249%%\" icon_placement=\"left\" use_icon_font_size=\"on\" icon_font_size=\"23px\" _builder_version=\"4.0.7\" header_font=\"Source Sans Pro||||||||\" header_text_color=\"#000000\" custom_margin=\"||11px|||\" animation=\"off\" title__hover_enabled=\"on|hover\" title__hover=\"Kunstseidenstr. 4, 01796 Pirna\"][\/et_pb_blurb][et_pb_blurb title=\"Telefon: +49 3501-46590\" use_icon=\"on\" font_icon=\"%%264%%\" icon_placement=\"left\" use_icon_font_size=\"on\" icon_font_size=\"23px\" _builder_version=\"4.0.7\" header_font=\"Source Sans Pro||||||||\" header_text_color=\"#000000\" custom_margin=\"||14px|||\" animation=\"off\" title__hover_enabled=\"on|hover\" title__hover=\"Telefon: +49 3501-46590\"][\/et_pb_blurb][et_pb_blurb title=\"Telefax: +49 3501-520066\" use_icon=\"on\" font_icon=\"%%65%%\" icon_placement=\"left\" use_icon_font_size=\"on\" icon_font_size=\"23px\" _builder_version=\"4.0.7\" header_font=\"Source Sans Pro||||||||\" header_text_color=\"#000000\" custom_margin=\"||14px|||\" animation=\"off\" title__hover_enabled=\"on|hover\" title__hover=\"Telefax: +49 3501-520066\"][\/et_pb_blurb][et_pb_blurb use_icon=\"on\" font_icon=\"%%238%%\" icon_placement=\"left\" use_icon_font_size=\"on\" icon_font_size=\"23px\" _builder_version=\"4.0.7\" header_font=\"Source Sans Pro|300|||||||\" header_text_color=\"#ffffff\" body_font=\"Source Sans Pro||||||||\" body_text_color=\"#000000\" body_font_size=\"18px\" body_link_font=\"Source Sans Pro||||||||\" body_link_text_color=\"#000000\" body_link_font_size=\"18px\" animation=\"off\" title__hover_enabled=\"on|hover\" title__hover=\"\"]Email: <a href=\"Mailto:info@mtp-pirna.de\">info@mtp-pirna.de<\/a>[\/et_pb_blurb][\/et_pb_column][\/et_pb_row][\/et_pb_section]","_et_gb_content_width":"","footnotes":""},"class_list":["post-581","page","type-page","status-publish","hentry"],"_links":{"self":[{"href":"https:\/\/www.mtp-pirna.de\/en\/wp-json\/wp\/v2\/pages\/581","targetHints":{"allow":["GET"]}}],"collection":[{"href":"https:\/\/www.mtp-pirna.de\/en\/wp-json\/wp\/v2\/pages"}],"about":[{"href":"https:\/\/www.mtp-pirna.de\/en\/wp-json\/wp\/v2\/types\/page"}],"author":[{"embeddable":true,"href":"https:\/\/www.mtp-pirna.de\/en\/wp-json\/wp\/v2\/users\/1"}],"replies":[{"embeddable":true,"href":"https:\/\/www.mtp-pirna.de\/en\/wp-json\/wp\/v2\/comments?post=581"}],"version-history":[{"count":4,"href":"https:\/\/www.mtp-pirna.de\/en\/wp-json\/wp\/v2\/pages\/581\/revisions"}],"predecessor-version":[{"id":586,"href":"https:\/\/www.mtp-pirna.de\/en\/wp-json\/wp\/v2\/pages\/581\/revisions\/586"}],"wp:attachment":[{"href":"https:\/\/www.mtp-pirna.de\/en\/wp-json\/wp\/v2\/media?parent=581"}],"curies":[{"name":"wp","href":"https:\/\/api.w.org\/{rel}","templated":true}]}}