{"id":868,"date":"2025-06-03T14:28:10","date_gmt":"2025-06-03T12:28:10","guid":{"rendered":"https:\/\/www.mtp-pirna.de\/?page_id=868"},"modified":"2025-07-08T08:37:16","modified_gmt":"2025-07-08T06:37:16","slug":"barrierefreiheitserklaerung","status":"publish","type":"page","link":"https:\/\/www.mtp-pirna.de\/de\/barrierefreiheitserklaerung\/","title":{"rendered":"Barrierefreiheitserkl\u00e4rung"},"content":{"rendered":"<p>[et_pb_section fb_built=&#8220;1&#8243; _builder_version=&#8220;4.15&#8243; background_color=&#8220;#0055aa&#8220; locked=&#8220;off&#8220; global_colors_info=&#8220;{}&#8220;][et_pb_row _builder_version=&#8220;4.15&#8243; global_colors_info=&#8220;{}&#8220;][et_pb_column type=&#8220;4_4&#8243; _builder_version=&#8220;4.15&#8243; global_colors_info=&#8220;{}&#8220;][et_pb_text _builder_version=&#8220;4.15.1&#8243; header_text_align=&#8220;center&#8220; header_text_color=&#8220;#ffffff&#8220; global_colors_info=&#8220;{}&#8220;]<\/p>\n<h1>Barrierefreiheitserkl\u00e4rung<\/h1>\n<p>[\/et_pb_text][\/et_pb_column][\/et_pb_row][\/et_pb_section][et_pb_section fb_built=&#8220;1&#8243; _builder_version=&#8220;4.15.1&#8243; _module_preset=&#8220;default&#8220; global_colors_info=&#8220;{}&#8220;][et_pb_row _builder_version=&#8220;4.15&#8243; custom_padding=&#8220;15px||0px||false|false&#8220; locked=&#8220;off&#8220; global_colors_info=&#8220;{}&#8220;][et_pb_column type=&#8220;4_4&#8243; _builder_version=&#8220;4.15&#8243; global_colors_info=&#8220;{}&#8220;][et_pb_dmb_breadcrumbs use_home_icon=&#8220;off&#8220; use_home_text=&#8220;on&#8220; home_text=&#8220;MTP Pirna&#8220; _builder_version=&#8220;4.0.7&#8243; link_font=&#8220;||||on||||&#8220; link_text_color=&#8220;#0055aa&#8220; global_colors_info=&#8220;{}&#8220;][\/et_pb_dmb_breadcrumbs][et_pb_text _builder_version=&#8220;4.15.1&#8243; header_2_text_align=&#8220;center&#8220; global_colors_info=&#8220;{}&#8220;]<\/p>\n<h2>Barrierefreiheitserkl\u00e4rung<\/h2>\n<p>[\/et_pb_text][et_pb_divider divider_weight=&#8220;3px&#8220; _builder_version=&#8220;4.15&#8243; width=&#8220;6%&#8220; module_alignment=&#8220;center&#8220; global_colors_info=&#8220;{}&#8220;][\/et_pb_divider][\/et_pb_column][\/et_pb_row][et_pb_row _builder_version=&#8220;4.15.1&#8243; _module_preset=&#8220;default&#8220; global_colors_info=&#8220;{}&#8220;][et_pb_column type=&#8220;4_4&#8243; _builder_version=&#8220;4.15.1&#8243; _module_preset=&#8220;default&#8220; global_colors_info=&#8220;{}&#8220;][et_pb_text _builder_version=&#8220;4.15.1&#8243; _module_preset=&#8220;default&#8220; text_font=&#8220;Source Sans Pro|300|||||||&#8220; link_font=&#8220;||||on||||&#8220; link_text_color=&#8220;#0055aa&#8220; header_3_font=&#8220;Source Sans Pro||||||||&#8220; header_3_text_color=&#8220;#4b5a62&#8243; header_3_font_size=&#8220;18px&#8220; header_3_line_height=&#8220;30px&#8220; hover_enabled=&#8220;0&#8243; global_colors_info=&#8220;{}&#8220; sticky_enabled=&#8220;0&#8243;]<\/p>\n<h1><\/h1>\n<p>Stand: 03. Juli 2025<\/p>\n<p><b>Stand der Barrierefreiheit<\/b><b><br \/><\/b>Wir sind der festen \u00dcberzeugung, dass das Internet f\u00fcr jeden verf\u00fcgbar und zug\u00e4nglich sein sollte, und verpflichten uns, eine Website bereitzustellen, die f\u00fcr das gr\u00f6\u00dftm\u00f6gliche Publikum zug\u00e4nglich ist, unabh\u00e4ngig von den Umst\u00e4nden und F\u00e4higkeiten.<\/p>\n<p>Um dies zu erreichen, streben wir an, den Richtlinien f\u00fcr barrierefreie Webinhalte (WCAG 2.1) des World Wide Web Consortiums (W3C) auf der Stufe AA so strikt wie m\u00f6glich zu entsprechen. Diese Richtlinien erkl\u00e4ren, wie Webinhalte f\u00fcr Menschen mit einer Vielzahl von Behinderungen zug\u00e4nglich gemacht werden k\u00f6nnen. Die Einhaltung dieser Richtlinien hilft uns sicherzustellen, dass die Website f\u00fcr alle Menschen zug\u00e4nglich ist: Blinde, Menschen mit motorischen Einschr\u00e4nkungen, Sehbehinderungen, kognitiven Beeintr\u00e4chtigungen und mehr.<\/p>\n<p>Diese Website nutzt verschiedene Technologien, die darauf abzielen, sie jederzeit so barrierefrei wie m\u00f6glich zu gestalten. Wir verwenden eine Barrierefreiheits-Schnittstelle, die es Personen mit spezifischen Behinderungen erm\u00f6glicht, die Benutzeroberfl\u00e4che (UI) der Website anzupassen und sie an ihre pers\u00f6nlichen Bed\u00fcrfnisse anzupassen.<\/p>\n<p>Dar\u00fcber hinaus verwendet die Website eine KI-basierte Anwendung, die im Hintergrund l\u00e4uft und kontinuierlich den Barrierefreiheitsgrad optimiert. Diese Anwendung verbessert das HTML der Website, passt deren Funktionalit\u00e4t und Verhalten f\u00fcr Screenreader f\u00fcr blinde Nutzer und f\u00fcr Tastaturfunktionen f\u00fcr Menschen mit motorischen Einschr\u00e4nkungen an.<\/p>\n<p>Wenn Sie eine Fehlfunktion festgestellt haben oder Verbesserungsideen haben, freuen wir uns, von Ihnen zu h\u00f6ren. Sie k\u00f6nnen die Betreiber der Website \u00fcber den folgenden Kontakt erreichen:<\/p>\n<p>Telefon: 03501-46590<br \/>E-Mail: <span>info@mtp-pirna.de<\/span><span>\u00a0<\/span><\/p>\n<p><b>Screenreader- und Tastaturnavigation<\/b><b><br \/><\/b>Unsere Website implementiert die ARIA-Attribute (Accessible Rich Internet Applications) und verschiedene Verhaltens\u00e4nderungen, um sicherzustellen, dass blinde Nutzer mit Screenreadern die Website lesen, verstehen und nutzen k\u00f6nnen. Sobald ein Benutzer mit einem Screenreader die Website betritt, erh\u00e4lt er sofort eine Aufforderung, das Screenreader-Profil zu aktivieren, um die Website effektiv nutzen zu k\u00f6nnen.<\/p>\n<p>Screenreader-Optimierung: Wir f\u00fchren einen Hintergrundprozess aus, der die Komponenten der Website von oben nach unten lernt, um auch bei Aktualisierungen der Website die Einhaltung der Richtlinien sicherzustellen. In diesem Prozess stellen wir Screenreadern mithilfe der ARIA-Attribute sinnvolle Daten zur Verf\u00fcgung. Beispielsweise bieten wir genaue Formularbeschriftungen, Beschreibungen f\u00fcr klickbare Symbole (wie Social Media, Suche, Warenkorb) und Validierungshinweise f\u00fcr Formulareingaben.<\/p>\n<p>Tastaturnavigation: Der Hintergrundprozess passt auch das HTML der Website an und f\u00fcgt verschiedene Verhaltensweisen mithilfe von JavaScript hinzu, damit die Website per Tastatur bedienbar ist. Dazu geh\u00f6rt die Navigation mit den Tasten Tab und Shift+Tab, das Bedienen von Dropdown-Men\u00fcs mit den Pfeiltasten, das Schlie\u00dfen mit Esc, das Ausl\u00f6sen von Schaltfl\u00e4chen und Links mit der Eingabetaste und das Ausf\u00fcllen von Auswahlfeldern mit der Leertaste oder Eingabetaste.<\/p>\n<p><b>Unterst\u00fctzte Profile f\u00fcr Behinderungen<\/b><\/p>\n<ul>\n<li aria-level=\"1\"><b>Epilepsie-sicherer Modus:<\/b> Verhindert potenziell ausl\u00f6sende Animationen und Farbkontraste.<\/li>\n<li aria-level=\"1\"><b>Modus f\u00fcr Sehbehinderte:<\/b> Anpassungen f\u00fcr Benutzer mit Sehbehinderungen wie grauem Star oder gr\u00fcnem Star.<\/li>\n<li aria-level=\"1\"><b>Modus f\u00fcr kognitive Beeintr\u00e4chtigungen:<\/b> Unterst\u00fctzt Nutzer mit Dyslexie, Autismus etc.<\/li>\n<li aria-level=\"1\"><b>ADHS-freundlicher Modus:<\/b> Reduziert Ablenkungen f\u00fcr bessere Fokussierung.<\/li>\n<li aria-level=\"1\"><b>Blindheitsmodus:<\/b> Kompatibel mit Screenreadern wie JAWS und NVDA.<\/li>\n<li aria-level=\"1\"><b>Profil f\u00fcr motorisch eingeschr\u00e4nkte Benutzer:<\/b> Erm\u00f6glicht die Nutzung der Website nur mit der Tastatur.<\/li>\n<\/ul>\n<p><b>Zus\u00e4tzliche UI-, Design- und Lesbarkeitsanpassungen<\/b><\/p>\n<ul>\n<li aria-level=\"1\"><b>Schriftanpassungen:<\/b> Gr\u00f6\u00dfe, Typ, Abstand und Ausrichtung anpassbar.<\/li>\n<li aria-level=\"1\"><b>Farbkontraste:<\/b> Verschiedene Kontrastprofile wie hell, dunkel, invertiert und monochrom.<\/li>\n<li aria-level=\"1\"><b>Animationen:<\/b> M\u00f6glichkeit, alle Animationen zu deaktivieren.<\/li>\n<li aria-level=\"1\"><b>Inhalts-Hervorhebung:<\/b> Wichtige Elemente wie Links und Titel hervorheben.<\/li>\n<li aria-level=\"1\"><b>Audio-Stummschaltung:<\/b> M\u00f6glichkeit, alle Audios auf der Website zu stummschalten.<\/li>\n<li aria-level=\"1\"><b>Virtuelle Tastatur:<\/b> F\u00fcr Nutzer mit motorischen Einschr\u00e4nkungen.<\/li>\n<\/ul>\n<p><b>Browser- und Technologiekompatibilit\u00e4t<\/b><b><br \/><\/b>Wir unterst\u00fctzen die g\u00e4ngigsten Browser und Technologien wie Google Chrome, Mozilla Firefox, Apple Safari, Opera und Microsoft Edge sowie die Screenreader JAWS und NVDA.<\/p>\n<p><b>Anmerkungen, Kommentare und Feedback<\/b><b><br \/><\/b>Trotz unserer Bem\u00fchungen k\u00f6nnten einige Seiten oder Abschnitte noch nicht vollst\u00e4ndig barrierefrei sein oder gerade optimiert werden. Wir arbeiten kontinuierlich an der Verbesserung der Barrierefreiheit. F\u00fcr Unterst\u00fctzung kontaktieren Sie uns bitte.<\/p>\n<p>[\/et_pb_text][\/et_pb_column][\/et_pb_row][\/et_pb_section]<\/p>\n","protected":false},"excerpt":{"rendered":"<p>Barrierefreiheitserkl\u00e4rungBarrierefreiheitserkl\u00e4rung Stand: 03. Juli 2025 Stand der BarrierefreiheitWir sind der festen \u00dcberzeugung, dass das Internet f\u00fcr jeden verf\u00fcgbar und zug\u00e4nglich sein sollte, und verpflichten uns, eine Website bereitzustellen, die f\u00fcr das gr\u00f6\u00dftm\u00f6gliche Publikum zug\u00e4nglich ist, unabh\u00e4ngig von den Umst\u00e4nden und F\u00e4higkeiten. Um dies zu erreichen, streben wir an, den Richtlinien f\u00fcr barrierefreie Webinhalte (WCAG 2.1) [&hellip;]<\/p>\n","protected":false},"author":4,"featured_media":0,"parent":0,"menu_order":0,"comment_status":"closed","ping_status":"closed","template":"","meta":{"_et_pb_use_builder":"on","_et_pb_old_content":"","_et_gb_content_width":"","footnotes":""},"class_list":["post-868","page","type-page","status-publish","hentry"],"_links":{"self":[{"href":"https:\/\/www.mtp-pirna.de\/de\/wp-json\/wp\/v2\/pages\/868","targetHints":{"allow":["GET"]}}],"collection":[{"href":"https:\/\/www.mtp-pirna.de\/de\/wp-json\/wp\/v2\/pages"}],"about":[{"href":"https:\/\/www.mtp-pirna.de\/de\/wp-json\/wp\/v2\/types\/page"}],"author":[{"embeddable":true,"href":"https:\/\/www.mtp-pirna.de\/de\/wp-json\/wp\/v2\/users\/4"}],"replies":[{"embeddable":true,"href":"https:\/\/www.mtp-pirna.de\/de\/wp-json\/wp\/v2\/comments?post=868"}],"version-history":[{"count":7,"href":"https:\/\/www.mtp-pirna.de\/de\/wp-json\/wp\/v2\/pages\/868\/revisions"}],"predecessor-version":[{"id":901,"href":"https:\/\/www.mtp-pirna.de\/de\/wp-json\/wp\/v2\/pages\/868\/revisions\/901"}],"wp:attachment":[{"href":"https:\/\/www.mtp-pirna.de\/de\/wp-json\/wp\/v2\/media?parent=868"}],"curies":[{"name":"wp","href":"https:\/\/api.w.org\/{rel}","templated":true}]}}