{"id":638,"date":"2020-04-29T17:02:12","date_gmt":"2020-04-29T15:02:12","guid":{"rendered":"https:\/\/www.mtp-pirna.de\/?page_id=638"},"modified":"2026-04-21T11:08:03","modified_gmt":"2026-04-21T09:08:03","slug":"karriere","status":"publish","type":"page","link":"https:\/\/www.mtp-pirna.de\/de\/karriere\/","title":{"rendered":"Karriere"},"content":{"rendered":"<p>[et_pb_section fb_built=&#8220;1&#8243; specialty=&#8220;on&#8220; _builder_version=&#8220;4.16&#8243; use_background_color_gradient=&#8220;on&#8220; background_color_gradient_direction=&#8220;133deg&#8220; background_color_gradient_stops=&#8220;#0055AA 50%|rgba(41,196,169,0) 50%&#8220; background_color_gradient_overlays_image=&#8220;on&#8220; background_color_gradient_start=&#8220;#0055AA&#8220; background_color_gradient_start_position=&#8220;50%&#8220; background_color_gradient_end=&#8220;rgba(41,196,169,0)&#8220; background_color_gradient_end_position=&#8220;50%&#8220; background_image=&#8220;https:\/\/www.mtp-pirna.de\/wp-content\/uploads\/2020\/04\/jobsmtpbild2.png&#8220; custom_padding=&#8220;31px||31px|||&#8220; background_last_edited=&#8220;on|phone&#8220; background_color_gradient_direction_phone=&#8220;133deg&#8220; background_color_gradient_stops_phone=&#8220;#0055AA 76%|rgba(41,196,169,0) 76%&#8220; background_color_gradient_start_position_phone=&#8220;76%&#8220; global_colors_info=&#8220;{}&#8220;][et_pb_column type=&#8220;1_2&#8243; specialty_columns=&#8220;2&#8243; _builder_version=&#8220;4.16&#8243; custom_padding=&#8220;|||&#8220; global_colors_info=&#8220;{}&#8220; custom_padding__hover=&#8220;|||&#8220;][et_pb_row_inner _builder_version=&#8220;4.16&#8243; global_colors_info=&#8220;{}&#8220;][et_pb_column_inner saved_specialty_column_type=&#8220;1_2&#8243; _builder_version=&#8220;4.16&#8243; global_colors_info=&#8220;{}&#8220;][et_pb_text _builder_version=&#8220;4.16&#8243; text_text_color=&#8220;#ffffff&#8220; link_font=&#8220;||||on||||&#8220; link_text_color=&#8220;#ffffff&#8220; header_text_color=&#8220;#ffffff&#8220; header_2_text_color=&#8220;#ffffff&#8220; header_2_font_size=&#8220;25px&#8220; header_2_line_height=&#8220;1.3em&#8220; custom_padding=&#8220;|76px||||&#8220; global_colors_info=&#8220;{}&#8220;]<\/p>\n<h1>Ihre Karrierem\u00f6glichkeiten bei MTP<\/h1>\n<h2>Wir sind weiterhin auf Wachstumskurs und sehen deshalb auch Ihrer Initiativbewerbung mit Interesse entgegen.<\/h2>\n<p>[\/et_pb_text][\/et_pb_column_inner][\/et_pb_row_inner][\/et_pb_column][et_pb_column type=&#8220;1_2&#8243; _builder_version=&#8220;4.16&#8243; custom_padding=&#8220;|||&#8220; global_colors_info=&#8220;{}&#8220; custom_padding__hover=&#8220;|||&#8220;][\/et_pb_column][\/et_pb_section][et_pb_section fb_built=&#8220;1&#8243; _builder_version=&#8220;4.16&#8243; custom_padding=&#8220;0px||0px|||&#8220; global_colors_info=&#8220;{}&#8220;][et_pb_row _builder_version=&#8220;4.16&#8243; custom_padding=&#8220;||4px|||&#8220; global_colors_info=&#8220;{}&#8220;][et_pb_column type=&#8220;4_4&#8243; _builder_version=&#8220;4.16&#8243; global_colors_info=&#8220;{}&#8220;][et_pb_dmb_breadcrumbs use_home_icon=&#8220;off&#8220; use_home_text=&#8220;on&#8220; home_text=&#8220;MTP Pirna&#8220; _builder_version=&#8220;4.16&#8243; body_font=&#8220;|300|||||||&#8220; link_font=&#8220;|600|||on||||&#8220; link_text_color=&#8220;#0055aa&#8220; global_colors_info=&#8220;{}&#8220;][\/et_pb_dmb_breadcrumbs][\/et_pb_column][\/et_pb_row][\/et_pb_section][et_pb_section fb_built=&#8220;1&#8243; _builder_version=&#8220;4.16&#8243; custom_padding=&#8220;23px||0px|||&#8220; global_colors_info=&#8220;{}&#8220;][et_pb_row column_structure=&#8220;3_5,2_5&#8243; _builder_version=&#8220;4.16&#8243; custom_padding=&#8220;12px||2px|||&#8220; global_colors_info=&#8220;{}&#8220;][et_pb_column type=&#8220;3_5&#8243; _builder_version=&#8220;4.16&#8243; global_colors_info=&#8220;{}&#8220;][et_pb_button button_url=&#8220;https:\/\/www.mtp-pirna.de\/wp-content\/uploads\/2026\/04\/Leiter-Technik-mtp-04_2026.pdf&#8220; button_text=&#8220;Leiter Technik (m\/w\/d)&#8220; _builder_version=&#8220;4.27.6&#8243; _module_preset=&#8220;default&#8220; custom_button=&#8220;on&#8220; button_text_size=&#8220;20px&#8220; button_text_color=&#8220;#FFFFFF&#8220; button_bg_color=&#8220;#0055AA&#8220; button_border_width=&#8220;0px&#8220; button_border_radius=&#8220;0px&#8220; button_font=&#8220;|600|||||||&#8220; button_icon=&#8220;&#xf054;||fa||900&#8243; hover_enabled=&#8220;0&#8243; global_colors_info=&#8220;{}&#8220; custom_css_free_form=&#8220;selector {||  border-radius: 20px 0px 20px 0px!important;||}&#8220; sticky_enabled=&#8220;0&#8243;][\/et_pb_button][et_pb_text _builder_version=&#8220;4.16&#8243; text_font=&#8220;||||||||&#8220; link_font=&#8220;||||on||||&#8220; link_text_color=&#8220;#0055aa&#8220; header_2_text_align=&#8220;center&#8220; header_2_line_height=&#8220;1.2em&#8220; custom_margin=&#8220;||-5px|||&#8220; custom_padding=&#8220;||31px|||&#8220; global_colors_info=&#8220;{}&#8220;]<\/p>\n<p><!-- Aktuelle Stellenausschreibungen:--><\/p>\n<p>Ihre Bewerbung senden Sie bitte vorzugsweise per E-Mail an<\/p>\n<p>an <a href=\"mailto:info@mtp-pirna.de\">info@mtp-pirna.de<\/a><\/p>\n<p>oder per Post an<\/p>\n<p>MTP Medical Technologies GmbH<br \/>Personalabteilung<br \/>Kunstseidenstra\u00dfe 4<br \/>01796 Pirna<\/p>\n<p>[\/et_pb_text][\/et_pb_column][et_pb_column type=&#8220;2_5&#8243; _builder_version=&#8220;4.16&#8243; global_colors_info=&#8220;{}&#8220;][et_pb_image src=&#8220;https:\/\/www.mtp-pirna.de\/wp-content\/uploads\/2020\/04\/Poetschke.jpg&#8220; alt=&#8220;B\u00fcrokauffrau Sekret\u00e4rin Kaufmann Pirna Dresden &#8220; title_text=&#8220; Job B\u00fcro Managementassistenz&#8220; _builder_version=&#8220;4.16&#8243; global_colors_info=&#8220;{}&#8220;][\/et_pb_image][\/et_pb_column][\/et_pb_row][\/et_pb_section][et_pb_section fb_built=&#8220;1&#8243; _builder_version=&#8220;4.16&#8243; background_color=&#8220;#e0e0e0&#8243; custom_padding=&#8220;||14px|||&#8220; saved_tabs=&#8220;all&#8220; global_colors_info=&#8220;{}&#8220;][et_pb_row column_structure=&#8220;3_5,2_5&#8243; use_custom_gutter=&#8220;on&#8220; _builder_version=&#8220;4.16&#8243; max_width=&#8220;1200px&#8220; global_colors_info=&#8220;{}&#8220;][et_pb_column type=&#8220;3_5&#8243; _builder_version=&#8220;4.16&#8243; global_colors_info=&#8220;{}&#8220;][et_pb_text _builder_version=&#8220;4.16&#8243; text_font=&#8220;Source Sans Pro|300|||||||&#8220; text_text_color=&#8220;#ffffff&#8220; header_3_text_color=&#8220;#0055aa&#8220; custom_margin=&#8220;||0px|||&#8220; global_colors_info=&#8220;{}&#8220;]<\/p>\n<h3>MTP Medical Technologies GmbH<\/h3>\n<p>[\/et_pb_text][et_pb_image src=&#8220;https:\/\/www.mtp-pirna.de\/wp-content\/uploads\/2020\/01\/MTPHeaderUnternehmen.png&#8220; disabled_on=&#8220;on|on|on&#8220; _builder_version=&#8220;4.16&#8243; width=&#8220;80%&#8220; custom_margin=&#8220;20px||||false|false&#8220; border_radii=&#8220;on|5px|5px|5px|5px&#8220; box_shadow_style=&#8220;preset2&#8243; disabled=&#8220;on&#8220; global_colors_info=&#8220;{}&#8220;][\/et_pb_image][\/et_pb_column][et_pb_column type=&#8220;2_5&#8243; _builder_version=&#8220;4.16&#8243; global_colors_info=&#8220;{}&#8220;][et_pb_text _builder_version=&#8220;4.16&#8243; text_font=&#8220;Source Sans Pro|300|||||||&#8220; text_text_color=&#8220;#ffffff&#8220; header_3_text_color=&#8220;#0055aa&#8220; custom_margin=&#8220;||0px|||&#8220; global_colors_info=&#8220;{}&#8220;]<\/p>\n<h3>Kontakt<\/h3>\n<p>&nbsp;[\/et_pb_text][et_pb_blurb title=&#8220;Kunstseidenstr. 4, 01796 Pirna&#8220; use_icon=&#8220;on&#8220; font_icon=&#8220;&#xe081;||divi||400&#8243; icon_placement=&#8220;left&#8220; image_icon_width=&#8220;23px&#8220; _builder_version=&#8220;4.16&#8243; header_font=&#8220;Source Sans Pro||||||||&#8220; header_text_color=&#8220;#000000&#8243; custom_margin=&#8220;||11px|||&#8220; animation=&#8220;off&#8220; icon_font_size=&#8220;23px&#8220; global_colors_info=&#8220;{}&#8220; title__hover_enabled=&#8220;on|hover&#8220; title__hover=&#8220;Kunstseidenstr. 4, 01796 Pirna&#8220;][\/et_pb_blurb][et_pb_blurb title=&#8220;Telefon: +49 3501-46590&#8243; use_icon=&#8220;on&#8220; font_icon=&#8220;&#xe090;||divi||400&#8243; icon_placement=&#8220;left&#8220; image_icon_width=&#8220;23px&#8220; _builder_version=&#8220;4.16&#8243; header_font=&#8220;Source Sans Pro||||||||&#8220; header_text_color=&#8220;#000000&#8243; custom_margin=&#8220;||14px|||&#8220; animation=&#8220;off&#8220; icon_font_size=&#8220;23px&#8220; global_colors_info=&#8220;{}&#8220; title__hover_enabled=&#8220;on|hover&#8220; title__hover=&#8220;Telefon: +49 3501-46590&#8243;][\/et_pb_blurb][et_pb_blurb title=&#8220;Telefax: +49 3501-520066&#8243; use_icon=&#8220;on&#8220; font_icon=&#8220;&#x62;||divi||400&#8243; icon_placement=&#8220;left&#8220; image_icon_width=&#8220;23px&#8220; _builder_version=&#8220;4.16&#8243; header_font=&#8220;Source Sans Pro||||||||&#8220; header_text_color=&#8220;#000000&#8243; custom_margin=&#8220;||14px|||&#8220; animation=&#8220;off&#8220; icon_font_size=&#8220;23px&#8220; global_colors_info=&#8220;{}&#8220; title__hover_enabled=&#8220;on|hover&#8220; title__hover=&#8220;Telefax: +49 3501-520066&#8243;][\/et_pb_blurb][et_pb_blurb use_icon=&#8220;on&#8220; font_icon=&#8220;&#xe076;||divi||400&#8243; icon_placement=&#8220;left&#8220; image_icon_width=&#8220;23px&#8220; _builder_version=&#8220;4.16&#8243; header_font=&#8220;Source Sans Pro|300|||||||&#8220; header_text_color=&#8220;#ffffff&#8220; body_font=&#8220;Source Sans Pro||||||||&#8220; body_text_color=&#8220;#000000&#8243; body_link_font=&#8220;Source Sans Pro||||||||&#8220; body_link_text_color=&#8220;#000000&#8243; animation=&#8220;off&#8220; icon_font_size=&#8220;23px&#8220; global_colors_info=&#8220;{}&#8220; title__hover_enabled=&#8220;on|hover&#8220; title__hover=&#8220;&#8220;]<span>Email: <a href=\"Mailto:info@mtp-pirna.de\">info@mtp-pirna.de<\/a><\/span>[\/et_pb_blurb][\/et_pb_column][\/et_pb_row][\/et_pb_section]<\/p>\n","protected":false},"excerpt":{"rendered":"<p>Ihre Karrierem\u00f6glichkeiten bei MTP Wir sind weiterhin auf Wachstumskurs und sehen deshalb auch Ihrer Initiativbewerbung mit Interesse entgegen. Ihre Bewerbung senden Sie bitte vorzugsweise per E-Mail an an info@mtp-pirna.de oder per Post an MTP Medical Technologies GmbHPersonalabteilungKunstseidenstra\u00dfe 401796 PirnaMTP Medical Technologies GmbHKontakt &nbsp;Email: info@mtp-pirna.de<\/p>\n","protected":false},"author":1,"featured_media":0,"parent":0,"menu_order":0,"comment_status":"closed","ping_status":"closed","template":"","meta":{"_et_pb_use_builder":"on","_et_pb_old_content":"","_et_gb_content_width":"","footnotes":""},"class_list":["post-638","page","type-page","status-publish","hentry"],"_links":{"self":[{"href":"https:\/\/www.mtp-pirna.de\/de\/wp-json\/wp\/v2\/pages\/638","targetHints":{"allow":["GET"]}}],"collection":[{"href":"https:\/\/www.mtp-pirna.de\/de\/wp-json\/wp\/v2\/pages"}],"about":[{"href":"https:\/\/www.mtp-pirna.de\/de\/wp-json\/wp\/v2\/types\/page"}],"author":[{"embeddable":true,"href":"https:\/\/www.mtp-pirna.de\/de\/wp-json\/wp\/v2\/users\/1"}],"replies":[{"embeddable":true,"href":"https:\/\/www.mtp-pirna.de\/de\/wp-json\/wp\/v2\/comments?post=638"}],"version-history":[{"count":28,"href":"https:\/\/www.mtp-pirna.de\/de\/wp-json\/wp\/v2\/pages\/638\/revisions"}],"predecessor-version":[{"id":968,"href":"https:\/\/www.mtp-pirna.de\/de\/wp-json\/wp\/v2\/pages\/638\/revisions\/968"}],"wp:attachment":[{"href":"https:\/\/www.mtp-pirna.de\/de\/wp-json\/wp\/v2\/media?parent=638"}],"curies":[{"name":"wp","href":"https:\/\/api.w.org\/{rel}","templated":true}]}}