{"id":36,"date":"2020-01-17T18:34:01","date_gmt":"2020-01-17T17:34:01","guid":{"rendered":"https:\/\/www.mtp-pirna.de\/?page_id=36"},"modified":"2020-01-17T18:34:03","modified_gmt":"2020-01-17T17:34:03","slug":"nutzungsbedingungen","status":"publish","type":"page","link":"https:\/\/www.mtp-pirna.de\/de\/nutzungsbedingungen\/","title":{"rendered":"Nutzungsbedingungen"},"content":{"rendered":"<p>[et_pb_section fb_built=&#8220;1&#8243; _builder_version=&#8220;4.0.7&#8243; background_color=&#8220;#0055aa&#8220;][et_pb_row _builder_version=&#8220;4.0.7&#8243;][et_pb_column type=&#8220;4_4&#8243; _builder_version=&#8220;4.0.7&#8243;][et_pb_text _builder_version=&#8220;4.0.7&#8243; header_text_align=&#8220;center&#8220; header_text_color=&#8220;#ffffff&#8220;]<\/p>\n<h1>Nutzungsbedingungen<\/h1>\n<p>[\/et_pb_text][\/et_pb_column][\/et_pb_row][\/et_pb_section][et_pb_section fb_built=&#8220;1&#8243; _builder_version=&#8220;4.0.7&#8243; custom_padding=&#8220;4px|||||&#8220;][et_pb_row _builder_version=&#8220;4.0.7&#8243; custom_padding=&#8220;15px||0px||false|false&#8220;][et_pb_column type=&#8220;4_4&#8243; _builder_version=&#8220;4.0.7&#8243;][et_pb_dmb_breadcrumbs use_home_icon=&#8220;off&#8220; use_home_text=&#8220;on&#8220; home_text=&#8220;MTP Pirna&#8220; _builder_version=&#8220;4.0.7&#8243; link_font=&#8220;||||on||||&#8220; link_text_color=&#8220;#0055aa&#8220; _i=&#8220;0&#8243; _address=&#8220;1.0.0.0&#8243; \/][et_pb_text _builder_version=&#8220;4.0.7&#8243; header_2_text_align=&#8220;center&#8220;]<\/p>\n<h2>Nutzungsbedingungen<\/h2>\n<p>[\/et_pb_text][et_pb_divider divider_weight=&#8220;3px&#8220; _builder_version=&#8220;4.0.7&#8243; width=&#8220;6%&#8220; module_alignment=&#8220;center&#8220;][\/et_pb_divider][\/et_pb_column][\/et_pb_row][et_pb_row _builder_version=&#8220;4.0.7&#8243; custom_margin=&#8220;0px|auto||auto||&#8220; custom_padding=&#8220;0px|||||&#8220;][et_pb_column type=&#8220;4_4&#8243; _builder_version=&#8220;4.0.7&#8243;][et_pb_text _builder_version=&#8220;4.0.7&#8243; text_font=&#8220;Source Sans Pro|300|||||||&#8220; text_font_size=&#8220;18px&#8220; link_font=&#8220;||||on||||&#8220; link_text_color=&#8220;#0055aa&#8220; header_3_font=&#8220;Source Sans Pro||||||||&#8220; header_3_text_color=&#8220;#4b5a62&#8243; header_3_font_size=&#8220;18px&#8220; header_3_line_height=&#8220;30px&#8220;]<\/p>\n<h3>Haftungshinweis<\/h3>\n<p>Trotz sorgf\u00e4ltiger inhaltlicher Kontrolle \u00fcbernehmen wir keine Haftung f\u00fcr die Inhalte externer Links. F\u00fcr den Inhalt der verlinkten Seiten sind ausschlie\u00dflich deren Betreiber verantwortlich.<\/p>\n<h3>Copyright<\/h3>\n<p>Die Inhalte dieser Homepage sind urheberrechtlich gesch\u00fctzt. Alle Rechte, insbesondere die der Vervielf\u00e4ltigung, der \u00dcbersetzung, der Verwendung in elektronischen bzw. mechanischen Systemen und der Wiedergabe der Homepage in jeder Form beh\u00e4lt sich der Urheber vor.<\/p>\n<p> Dazu geh\u00f6ren auch jede sonstige systematische Auswertung und Verbreitung der Inhalte dieser Homepage. Eine Nutzung der Texte, Programme und Abbildungen, auch auszugsweise, bedarf der vorherigen schriftlichen Zustimmung der MTP Medical Technologies Pirna GmbH.<\/p>\n<p> In den vorliegenden Inhalten werden eingetragene, registrierte Marken, Handelsnamen und Gebrauchsnamen verwendet. Auch wenn diese nicht als solche gekennzeichnet sind, haben die entsprechenden Schutzbestimmungen volle Geltung.<br \/>\nAlle Inhalte dieser Seiten sind Eigentum ihrer Urheber.<\/p>\n<h3>Haftungsausschluss<\/h3>\n<p>Die Inhalte dieser Homepage werden laufend \u00fcberpr\u00fcft und erforderlichenfalls aktualisiert. F\u00fcr Sch\u00e4den, die im unmittelbaren oder mittelbaren Zusammenhang mit den Informationen auf der Homepage entstehen, kann keine Haftung \u00fcbernommen werden.<\/p>\n<p> Jegliche Nutzung dieser Internet-Seiten oder aller anderen mit diesen verbundenen Link-Seiten, sowie deren Inhalt, geschieht auf eigene Gefahr des Nutzers.<\/p>\n<p>Diese Internet-Seiten enthalten auch Informationen von Dritten und weisen auf andere Internet-Seiten hin. Wo immer m\u00f6glich, ist dies entsprechend markiert. F\u00fcr die Informationen von Dritten wird keine Haftung \u00fcbernommen.[\/et_pb_text][\/et_pb_column][\/et_pb_row][\/et_pb_section][et_pb_section fb_built=&#8220;1&#8243; _builder_version=&#8220;4.0.7&#8243; background_color=&#8220;#e0e0e0&#8243; custom_padding=&#8220;||14px|||&#8220; saved_tabs=&#8220;all&#8220;][et_pb_row column_structure=&#8220;3_5,2_5&#8243; use_custom_gutter=&#8220;on&#8220; _builder_version=&#8220;4.0.7&#8243; max_width=&#8220;1200px&#8220;][et_pb_column type=&#8220;3_5&#8243; _builder_version=&#8220;4.0.7&#8243;][et_pb_text _builder_version=&#8220;4.0.7&#8243; text_font=&#8220;Source Sans Pro|300|||||||&#8220; text_text_color=&#8220;#ffffff&#8220; header_3_text_color=&#8220;#0055aa&#8220; custom_margin=&#8220;||0px|||&#8220;]<\/p>\n<h3>MTP Medical Technologies GmbH<\/h3>\n<p>[\/et_pb_text][et_pb_image src=&#8220;https:\/\/www.mtp-pirna.de\/wp-content\/uploads\/2020\/01\/MTPHeaderUnternehmen.png&#8220; disabled_on=&#8220;on|on|on&#8220; _builder_version=&#8220;4.0.7&#8243; width=&#8220;80%&#8220; custom_margin=&#8220;20px||||false|false&#8220; border_radii=&#8220;on|5px|5px|5px|5px&#8220; box_shadow_style=&#8220;preset2&#8243; disabled=&#8220;on&#8220;][\/et_pb_image][\/et_pb_column][et_pb_column type=&#8220;2_5&#8243; _builder_version=&#8220;4.0.7&#8243;][et_pb_text _builder_version=&#8220;4.0.7&#8243; text_font=&#8220;Source Sans Pro|300|||||||&#8220; text_text_color=&#8220;#ffffff&#8220; header_3_text_color=&#8220;#0055aa&#8220; custom_margin=&#8220;||0px|||&#8220;]<\/p>\n<h3>Kontakt<\/h3>\n<p>&nbsp;[\/et_pb_text][et_pb_blurb title=&#8220;Kunstseidenstr. 4, 01796 Pirna&#8220; use_icon=&#8220;on&#8220; font_icon=&#8220;%%249%%&#8220; icon_placement=&#8220;left&#8220; use_icon_font_size=&#8220;on&#8220; icon_font_size=&#8220;23px&#8220; _builder_version=&#8220;4.0.7&#8243; header_font=&#8220;Source Sans Pro||||||||&#8220; header_text_color=&#8220;#000000&#8243; custom_margin=&#8220;||11px|||&#8220; animation=&#8220;off&#8220; title__hover_enabled=&#8220;on|hover&#8220; title__hover=&#8220;Kunstseidenstr. 4, 01796 Pirna&#8220;][\/et_pb_blurb][et_pb_blurb title=&#8220;Telefon: +49 3501-46590&#8243; use_icon=&#8220;on&#8220; font_icon=&#8220;%%264%%&#8220; icon_placement=&#8220;left&#8220; use_icon_font_size=&#8220;on&#8220; icon_font_size=&#8220;23px&#8220; _builder_version=&#8220;4.0.7&#8243; header_font=&#8220;Source Sans Pro||||||||&#8220; header_text_color=&#8220;#000000&#8243; custom_margin=&#8220;||14px|||&#8220; animation=&#8220;off&#8220; title__hover_enabled=&#8220;on|hover&#8220; title__hover=&#8220;Telefon: +49 3501-46590&#8243;][\/et_pb_blurb][et_pb_blurb title=&#8220;Telefax: +49 3501-520066&#8243; use_icon=&#8220;on&#8220; font_icon=&#8220;%%65%%&#8220; icon_placement=&#8220;left&#8220; use_icon_font_size=&#8220;on&#8220; icon_font_size=&#8220;23px&#8220; _builder_version=&#8220;4.0.7&#8243; header_font=&#8220;Source Sans Pro||||||||&#8220; header_text_color=&#8220;#000000&#8243; custom_margin=&#8220;||14px|||&#8220; animation=&#8220;off&#8220; title__hover_enabled=&#8220;on|hover&#8220; title__hover=&#8220;Telefax: +49 3501-520066&#8243;][\/et_pb_blurb][et_pb_blurb use_icon=&#8220;on&#8220; font_icon=&#8220;%%238%%&#8220; icon_placement=&#8220;left&#8220; use_icon_font_size=&#8220;on&#8220; icon_font_size=&#8220;23px&#8220; _builder_version=&#8220;4.0.7&#8243; header_font=&#8220;Source Sans Pro|300|||||||&#8220; header_text_color=&#8220;#ffffff&#8220; body_font=&#8220;Source Sans Pro||||||||&#8220; body_text_color=&#8220;#000000&#8243; body_font_size=&#8220;18px&#8220; body_link_font=&#8220;Source Sans Pro||||||||&#8220; body_link_text_color=&#8220;#000000&#8243; body_link_font_size=&#8220;18px&#8220; animation=&#8220;off&#8220; title__hover_enabled=&#8220;on|hover&#8220; title__hover=&#8220;&#8220;]Email: <a href=\"Mailto:info@mtp-pirna.de\">info@mtp-pirna.de<\/a>[\/et_pb_blurb][\/et_pb_column][\/et_pb_row][\/et_pb_section]<\/p>\n","protected":false},"excerpt":{"rendered":"<p>NutzungsbedingungenNutzungsbedingungenHaftungshinweis Trotz sorgf\u00e4ltiger inhaltlicher Kontrolle \u00fcbernehmen wir keine Haftung f\u00fcr die Inhalte externer Links. F\u00fcr den Inhalt der verlinkten Seiten sind ausschlie\u00dflich deren Betreiber verantwortlich. Copyright Die Inhalte dieser Homepage sind urheberrechtlich gesch\u00fctzt. Alle Rechte, insbesondere die der Vervielf\u00e4ltigung, der \u00dcbersetzung, der Verwendung in elektronischen bzw. mechanischen Systemen und der Wiedergabe der Homepage in jeder [&hellip;]<\/p>\n","protected":false},"author":1,"featured_media":0,"parent":0,"menu_order":0,"comment_status":"closed","ping_status":"closed","template":"","meta":{"_et_pb_use_builder":"on","_et_pb_old_content":"","_et_gb_content_width":"","footnotes":""},"class_list":["post-36","page","type-page","status-publish","hentry"],"_links":{"self":[{"href":"https:\/\/www.mtp-pirna.de\/de\/wp-json\/wp\/v2\/pages\/36","targetHints":{"allow":["GET"]}}],"collection":[{"href":"https:\/\/www.mtp-pirna.de\/de\/wp-json\/wp\/v2\/pages"}],"about":[{"href":"https:\/\/www.mtp-pirna.de\/de\/wp-json\/wp\/v2\/types\/page"}],"author":[{"embeddable":true,"href":"https:\/\/www.mtp-pirna.de\/de\/wp-json\/wp\/v2\/users\/1"}],"replies":[{"embeddable":true,"href":"https:\/\/www.mtp-pirna.de\/de\/wp-json\/wp\/v2\/comments?post=36"}],"version-history":[{"count":2,"href":"https:\/\/www.mtp-pirna.de\/de\/wp-json\/wp\/v2\/pages\/36\/revisions"}],"predecessor-version":[{"id":39,"href":"https:\/\/www.mtp-pirna.de\/de\/wp-json\/wp\/v2\/pages\/36\/revisions\/39"}],"wp:attachment":[{"href":"https:\/\/www.mtp-pirna.de\/de\/wp-json\/wp\/v2\/media?parent=36"}],"curies":[{"name":"wp","href":"https:\/\/api.w.org\/{rel}","templated":true}]}}